{"id":5215,"date":"2022-10-17T03:34:46","date_gmt":"2022-10-17T03:34:46","guid":{"rendered":"https:\/\/www.blastatistics.net\/?page_id=5215"},"modified":"2022-11-03T22:23:46","modified_gmt":"2022-11-03T22:23:46","slug":"blasticsgeo-underground","status":"publish","type":"page","link":"https:\/\/www.blastatistics.net\/es\/blasticsgeo-underground\/","title":{"rendered":"BlasticsGEO Underground"},"content":{"rendered":"\n\t\t<div id=\"fws_69d1cab02fff2\"  data-column-margin=\"none\" data-midnight=\"dark\"  class=\"wpb_row vc_row-fluid vc_row full-width-section vc_row-o-equal-height vc_row-flex vc_row-o-content-middle  bottom_padding_tablet_50px bottom_padding_phone_50px\"  style=\"padding-top: 0px; padding-bottom: 0px; \"><div class=\"row-bg-wrap\" data-bg-animation=\"none\" data-bg-animation-delay=\"\" data-bg-overlay=\"false\"><div class=\"inner-wrap row-bg-layer using-image\" ><div class=\"row-bg viewport-desktop using-image\"  style=\"background-image: url(https:\/\/www.blastatistics.net\/wp-content\/uploads\/2022\/10\/fundo-geo-under.jpg); background-position: left center; background-repeat: no-repeat; \"><\/div><\/div><\/div><div class=\"row_col_wrap_12 col span_12 dark left\">\n\t<div style=\"z-index: 100; \" class=\"vc_col-sm-3 vc_col-xs-12 wpb_column column_container vc_column_container col has-animation no-extra-padding padding-6-percent_tablet inherit_phone \"  data-padding-pos=\"top\" data-has-bg-color=\"false\" data-bg-color=\"\" data-bg-opacity=\"1\" data-animation=\"fade-in-from-bottom\" data-delay=\"400\" >\n\t\t<div class=\"vc_column-inner\" >\n\t\t\t<div class=\"wpb_wrapper\">\n\t\t\t\t<div id=\"fws_69d1cab03089d\" data-midnight=\"\" data-column-margin=\"default\" class=\"wpb_row vc_row-fluid vc_row inner_row  min_width_desktop_82vh top_padding_tablet_40px min_width_tablet_50vw min_width_phone_50vw\"  style=\"\"><div class=\"row-bg-wrap\"> <div class=\"row-bg\" ><\/div> <\/div><div class=\"row_col_wrap_12_inner col span_12  left\">\n\t<div  class=\"vc_col-sm-12 wpb_column column_container vc_column_container col child_column no-extra-padding inherit_tablet inherit_phone \"   data-padding-pos=\"all\" data-has-bg-color=\"false\" data-bg-color=\"\" data-bg-opacity=\"1\" data-animation=\"\" data-delay=\"0\" >\n\t\t<div class=\"vc_column-inner\" >\n\t\t<div class=\"wpb_wrapper\">\n\t\t\t<div class=\"nectar-highlighted-text font_size_70px \" data-style=\"full_text\" data-exp=\"default\" data-user-color=\"true\" style=\"color: #ffffff;\" data-using-custom-color=\"true\" data-animation-delay=\"500\" data-color=\"#026539\" data-color-gradient=\"\" style=\"\">\n<h1><em>SISTEMA EN L\u00cdNEA DE MAPEO GEOL\u00d3GICO EN SUBTERR\u00c1NEA<\/em><\/h1>\n<\/div><div class=\"nectar-next-section-wrap down-arrow-bordered alignment_tablet_default alignment_phone_default display_tablet_inherit display_phone_inherit \"  data-shad=\"none\" data-align=\"center\" data-custom-color=\"false\"><div class=\"inner\" ><a href=\"#\" class=\"nectar-next-section skip-hash\"><i class=\"fa fa-angle-down top\"><\/i><i class=\"fa fa-angle-down\"><\/i><\/a><\/div><\/div>\n\t\t<\/div> \n\t<\/div>\n\t<\/div> \n<\/div><\/div>\n\t\t\t<\/div> \n\t\t<\/div>\n\t<\/div> \n\n\t<div  class=\"vc_col-sm-9 vc_hidden-sm vc_col-xs-4 vc_hidden-xs wpb_column column_container vc_column_container col no-extra-padding inherit_tablet inherit_phone \"  data-padding-pos=\"all\" data-has-bg-color=\"false\" data-bg-color=\"\" data-bg-opacity=\"1\" data-animation=\"\" data-delay=\"0\" >\n\t\t<div class=\"vc_column-inner\" >\n\t\t\t<div class=\"wpb_wrapper\">\n\t\t\t\t<div id=\"fws_69d1cab033a45\" data-midnight=\"\" data-column-margin=\"default\" class=\"wpb_row vc_row-fluid vc_row inner_row  min_width_desktop_75vw min_width_tablet_50vw min_width_phone_50vw\"  style=\"\"><div class=\"row-bg-wrap\"> <div class=\"row-bg\" ><\/div> <\/div><div class=\"row_col_wrap_12_inner col span_12  left\">\n\t<div style=\"\" class=\"vc_col-sm-12 wpb_column column_container vc_column_container col child_column no-extra-padding inherit_tablet inherit_phone \"  data-using-bg=\"true\" data-bg-cover=\"true\" data-padding-pos=\"all\" data-has-bg-color=\"false\" data-bg-color=\"\" data-bg-opacity=\"1\" data-animation=\"\" data-delay=\"0\" >\n\t\t<div class=\"vc_column-inner\" ><div class=\"column-image-bg-wrap column-bg-layer viewport-desktop\" data-bg-pos=\"center center\" data-bg-animation=\"ro-reveal-from-bottom\" data-bg-overlay=\"false\"><div class=\"inner-wrap\"><div class=\"column-image-bg\" style=\" background-image: url('https:\/\/www.blastatistics.net\/wp-content\/uploads\/2022\/10\/IMAGEM-NOVA-UNDERGROUND.jpg'); \"><\/div><\/div><\/div>\n\t\t<div class=\"wpb_wrapper\">\n\t\t\t<div class=\"divider-wrap height_tablet_80vh \" data-alignment=\"default\"><div style=\"height: 90vh;\" class=\"divider\"><\/div><\/div>\n\t\t<\/div> \n\t<\/div>\n\t<\/div> \n<\/div><\/div>\n\t\t\t<\/div> \n\t\t<\/div>\n\t<\/div> \n<\/div><\/div>\n\t\t<div id=\"fws_69d1cab0367f5\"  data-column-margin=\"default\" data-midnight=\"dark\" data-top-percent=\"5%\" data-bottom-percent=\"2%\"  class=\"wpb_row vc_row-fluid vc_row\"  style=\"padding-top: calc(100vw * 0.05); padding-bottom: calc(100vw * 0.02); \"><div class=\"row-bg-wrap\" data-bg-animation=\"none\" data-bg-animation-delay=\"\" data-bg-overlay=\"false\"><div class=\"inner-wrap row-bg-layer\" ><div class=\"row-bg viewport-desktop\"  style=\"\"><\/div><\/div><\/div><div class=\"row_col_wrap_12 col span_12 dark center\">\n\t<div  class=\"vc_col-sm-12 wpb_column column_container vc_column_container col no-extra-padding inherit_tablet inherit_phone \"  data-padding-pos=\"all\" data-has-bg-color=\"false\" data-bg-color=\"\" data-bg-opacity=\"1\" data-animation=\"\" data-delay=\"0\" >\n\t\t<div class=\"vc_column-inner\" >\n\t\t\t<div class=\"wpb_wrapper\">\n\t\t\t\t\n<div class=\"wpb_text_column wpb_content_element \" style=\" max-width: 750px; display: inline-block;\">\n\t<div class=\"wpb_wrapper\">\n\t\t<h4 style=\"text-align: center;\">\u00a1Mapea y gestiona tus proyectos de geolog\u00eda f\u00e1cilmente con BlasticsGEO Underground!<\/h4>\n\t<\/div>\n<\/div>\n\n\n\n\n\t\t\t<\/div> \n\t\t<\/div>\n\t<\/div> \n<\/div><\/div>\n\t\t<div id=\"gestiona\"  data-column-margin=\"default\" data-midnight=\"dark\" data-bottom-percent=\"3%\"  class=\"wpb_row vc_row-fluid vc_row full-width-content vc_row-o-equal-height vc_row-flex vc_row-o-content-middle  top_margin_-60px zindex-set\"  style=\"padding-top: 0px; padding-bottom: calc(100vw * 0.03);  z-index: 100;\"><div class=\"row-bg-wrap\" data-bg-animation=\"none\" data-bg-animation-delay=\"\" data-bg-overlay=\"false\"><div class=\"inner-wrap row-bg-layer\" ><div class=\"row-bg viewport-desktop\"  style=\"\"><\/div><\/div><\/div><div class=\"row_col_wrap_12 col span_12 dark left\">\n\t<div  class=\"vc_col-sm-6 wpb_column column_container vc_column_container col padding-6-percent inherit_tablet inherit_phone \"  data-padding-pos=\"all\" data-has-bg-color=\"false\" data-bg-color=\"\" data-bg-opacity=\"1\" data-animation=\"\" data-delay=\"0\" >\n\t\t<div class=\"vc_column-inner\" >\n\t\t\t<div class=\"wpb_wrapper\">\n\t\t\t\t<div id=\"fws_69d1cab0379e4\" data-midnight=\"\" data-column-margin=\"default\" class=\"wpb_row vc_row-fluid vc_row inner_row\"  style=\"\"><div class=\"row-bg-wrap\"> <div class=\"row-bg\" ><\/div> <\/div><div class=\"row_col_wrap_12_inner col span_12  left\">\n\t<div  class=\"vc_col-sm-12 wpb_column column_container vc_column_container col child_column has-animation no-extra-padding inherit_tablet inherit_phone \"   data-padding-pos=\"all\" data-has-bg-color=\"false\" data-bg-color=\"\" data-bg-opacity=\"1\" data-animation=\"fade-in-from-bottom\" data-delay=\"0\" >\n\t\t<div class=\"vc_column-inner\" >\n\t\t<div class=\"wpb_wrapper\">\n\t\t\t<h5 style=\"text-align: left\" class=\"vc_custom_heading vc_custom_1666014966527\" >Pr\u00f3ximamente estar\u00e1 a su disposici\u00f3n el nuevo m\u00f3dulo de Blastatistics para subterr\u00e1nea:<\/h5><div class=\"nectar-fancy-ul\" data-list-icon=\"icon-salient-thin-line\" data-animation=\"false\" data-animation-delay=\"0\" data-color=\"extra-color-1\" data-spacing=\"default\" data-alignment=\"left\"> BlasticsGEO Underground engloba las mismas funcionalidades de BlasticsGEO Surface pero adaptado a miner\u00eda subterr\u00e1nea. Muestreo automatizado, mapeo directamente digitalizado en terreno. Entre otras funciones y ventajas cuenta con:<\/p>\n<ul>\n<li>Toma de datos efectiva y precisa tanto para muestreo para control de leyes como para el mapeo geol\u00f3gico<\/li>\n<li>Archivos de datos e informes automatizados con exportaci\u00f3n directa (compatible con software como AcQuire, Minesight, Leapfrog, ArcGIS, AutoCAD)<\/li>\n<li>Toda su informaci\u00f3n disponible, exportable y organizada por mina, \u00e1rea, nivel, tipo de obra y periodos de tiempo.<\/li>\n<\/ul>\n<p>\u00a1Todo en una misma plataforma, su informaci\u00f3n de Blastics Surface, BlasticsGEO Surface y BlasticsGEO Underground! <\/div>\n<div class=\"wpb_text_column wpb_content_element \" >\n\t<div class=\"wpb_wrapper\">\n\t\t<h5>Pr\u00f3ximamente m\u00e1s detalles<\/h5>\n\t<\/div>\n<\/div>\n\n\n\n\n\t\t<\/div> \n\t<\/div>\n\t<\/div> \n<\/div><\/div>\n\t\t\t<\/div> \n\t\t<\/div>\n\t<\/div> \n\n\t<div  class=\"vc_col-sm-6 wpb_column column_container vc_column_container col padding-4-percent no-extra-padding_tablet no-extra-padding_phone \"  data-padding-pos=\"right\" data-has-bg-color=\"false\" data-bg-color=\"\" data-bg-opacity=\"1\" data-animation=\"\" data-delay=\"0\" >\n\t\t<div class=\"vc_column-inner\" >\n\t\t\t<div class=\"wpb_wrapper\">\n\t\t\t\t<div class=\"img-with-aniamtion-wrap center\" data-max-width=\"100%\" data-max-width-mobile=\"default\" data-shadow=\"small_depth\" data-animation=\"fade-in-from-right\" >\n      <div class=\"inner\">\n        <div class=\"hover-wrap\"> \n          <div class=\"hover-wrap-inner\">\n            <a href=\"https:\/\/www.blastatistics.net\/wp-content\/uploads\/2022\/10\/FIG21.png\" class=\"pp center\">\n              <img loading=\"lazy\" decoding=\"async\" class=\"img-with-animation skip-lazy \" data-delay=\"300\" height=\"898\" width=\"1891\" data-animation=\"fade-in-from-right\" src=\"https:\/\/www.blastatistics.net\/wp-content\/uploads\/2022\/10\/FIG21.png\" alt=\"\" srcset=\"https:\/\/www.blastatistics.net\/wp-content\/uploads\/2022\/10\/FIG21.png 1891w, https:\/\/www.blastatistics.net\/wp-content\/uploads\/2022\/10\/FIG21-500x237.png 500w, https:\/\/www.blastatistics.net\/wp-content\/uploads\/2022\/10\/FIG21-1024x486.png 1024w, https:\/\/www.blastatistics.net\/wp-content\/uploads\/2022\/10\/FIG21-768x365.png 768w, https:\/\/www.blastatistics.net\/wp-content\/uploads\/2022\/10\/FIG21-1536x729.png 1536w\" sizes=\"auto, (max-width: 1891px) 100vw, 1891px\" \/>\n            <\/a>\n          <\/div>\n        <\/div>\n      <\/div>\n      <\/div>\n\t\t\t<\/div> \n\t\t<\/div>\n\t<\/div> \n<\/div><\/div>\n","protected":false},"excerpt":{"rendered":"SISTEMA EN L\u00cdNEA DE MAPEO GEOL\u00d3GICO EN SUBTERR\u00c1NEA \u00a1Mapea y gestiona tus proyectos de geolog\u00eda f\u00e1cilmente con BlasticsGEO Underground! Pr\u00f3ximamente...","protected":false},"author":1,"featured_media":5414,"parent":0,"menu_order":0,"comment_status":"closed","ping_status":"closed","template":"","meta":{"footnotes":"","_links_to":"","_links_to_target":""},"class_list":["post-5215","page","type-page","status-publish","has-post-thumbnail"],"yoast_head":"<!-- This site is optimized with the Yoast SEO plugin v21.6 - https:\/\/yoast.com\/wordpress\/plugins\/seo\/ -->\n<title>BLASTATISTICS | BlasticsGEO Underground<\/title>\n<meta name=\"description\" content=\"Muestreo automatizado, mapeo directamente digitalizado en terreno adaptado a miner\u00eda subterr\u00e1nea - Pr\u00f3ximamente m\u00e1s detalles.\" \/>\n<meta name=\"robots\" content=\"index, follow, max-snippet:-1, max-image-preview:large, max-video-preview:-1\" \/>\n<link rel=\"canonical\" href=\"https:\/\/www.blastatistics.net\/es\/blasticsgeo-underground\/\" \/>\n<meta property=\"og:locale\" content=\"es_ES\" \/>\n<meta property=\"og:type\" content=\"article\" \/>\n<meta property=\"og:title\" content=\"BlasticsGEO Underground\" \/>\n<meta property=\"og:description\" content=\"Muestreo automatizado, mapeo directamente digitalizado en terreno adaptado a miner\u00eda subterr\u00e1nea - Pr\u00f3ximamente m\u00e1s detalles.\" \/>\n<meta property=\"og:url\" content=\"https:\/\/www.blastatistics.net\/es\/blasticsgeo-underground\/\" \/>\n<meta property=\"og:site_name\" content=\"BLASTATISTICS\" \/>\n<meta property=\"article:modified_time\" content=\"2022-11-03T22:23:46+00:00\" \/>\n<meta property=\"og:image\" content=\"https:\/\/www.blastatistics.net\/wp-content\/uploads\/2022\/10\/IMAGEM-NOVA-UNDERGROUND.jpg\" \/>\n\t<meta property=\"og:image:width\" content=\"1920\" \/>\n\t<meta property=\"og:image:height\" content=\"982\" \/>\n\t<meta property=\"og:image:type\" content=\"image\/jpeg\" \/>\n<meta name=\"twitter:card\" content=\"summary_large_image\" \/>\n<meta name=\"twitter:title\" content=\"BlasticsGEO Underground\" \/>\n<meta name=\"twitter:description\" content=\"Muestreo automatizado, mapeo directamente digitalizado en terreno adaptado a miner\u00eda subterr\u00e1nea - Pr\u00f3ximamente m\u00e1s detalles.\" \/>\n<meta name=\"twitter:image\" content=\"https:\/\/www.blastatistics.net\/wp-content\/uploads\/2022\/10\/IMAGEM-NOVA-UNDERGROUND.jpg\" \/>\n<meta name=\"twitter:site\" content=\"@blastatistics\" \/>\n<meta name=\"twitter:label1\" content=\"Tiempo de lectura\" \/>\n\t<meta name=\"twitter:data1\" content=\"3 minutos\" \/>\n<script type=\"application\/ld+json\" class=\"yoast-schema-graph\">{\"@context\":\"https:\/\/schema.org\",\"@graph\":[{\"@type\":\"WebPage\",\"@id\":\"https:\/\/www.blastatistics.net\/blasticsgeo-underground\/\",\"url\":\"https:\/\/www.blastatistics.net\/blasticsgeo-underground\/\",\"name\":\"BLASTATISTICS | BlasticsGEO Underground\",\"isPartOf\":{\"@id\":\"https:\/\/www.blastatistics.net\/#website\"},\"datePublished\":\"2022-10-17T03:34:46+00:00\",\"dateModified\":\"2022-11-03T22:23:46+00:00\",\"description\":\"Muestreo automatizado, mapeo directamente digitalizado en terreno adaptado a miner\u00eda subterr\u00e1nea - Pr\u00f3ximamente m\u00e1s detalles.\",\"breadcrumb\":{\"@id\":\"https:\/\/www.blastatistics.net\/blasticsgeo-underground\/#breadcrumb\"},\"inLanguage\":\"es\",\"potentialAction\":[{\"@type\":\"ReadAction\",\"target\":[\"https:\/\/www.blastatistics.net\/blasticsgeo-underground\/\"]}]},{\"@type\":\"BreadcrumbList\",\"@id\":\"https:\/\/www.blastatistics.net\/blasticsgeo-underground\/#breadcrumb\",\"itemListElement\":[{\"@type\":\"ListItem\",\"position\":1,\"name\":\"In\u00edcio\",\"item\":\"https:\/\/www.blastatistics.net\/\"},{\"@type\":\"ListItem\",\"position\":2,\"name\":\"BlasticsGEO Underground\"}]},{\"@type\":\"WebSite\",\"@id\":\"https:\/\/www.blastatistics.net\/#website\",\"url\":\"https:\/\/www.blastatistics.net\/\",\"name\":\"BLASTATISTICS\",\"description\":\"Sistema en l\u00ednea de control de calidad de voladuras\",\"publisher\":{\"@id\":\"https:\/\/www.blastatistics.net\/#organization\"},\"potentialAction\":[{\"@type\":\"SearchAction\",\"target\":{\"@type\":\"EntryPoint\",\"urlTemplate\":\"https:\/\/www.blastatistics.net\/?s={search_term_string}\"},\"query-input\":\"required name=search_term_string\"}],\"inLanguage\":\"es\"},{\"@type\":\"Organization\",\"@id\":\"https:\/\/www.blastatistics.net\/#organization\",\"name\":\"BLASTATISTICS\",\"url\":\"https:\/\/www.blastatistics.net\/\",\"logo\":{\"@type\":\"ImageObject\",\"inLanguage\":\"es\",\"@id\":\"https:\/\/www.blastatistics.net\/#\/schema\/logo\/image\/\",\"url\":\"https:\/\/www.blastatistics.net\/wp-content\/uploads\/2022\/08\/LOGOS-BLASTATISTICS.jpg\",\"contentUrl\":\"https:\/\/www.blastatistics.net\/wp-content\/uploads\/2022\/08\/LOGOS-BLASTATISTICS.jpg\",\"width\":250,\"height\":65,\"caption\":\"BLASTATISTICS\"},\"image\":{\"@id\":\"https:\/\/www.blastatistics.net\/#\/schema\/logo\/image\/\"},\"sameAs\":[\"https:\/\/twitter.com\/blastatistics\",\"https:\/\/www.linkedin.com\/showcase\/blastatistics\/\",\"https:\/\/www.youtube.com\/channel\/UCOI4eTgCDTZ4SeHJY3WbaHg\"]}]}<\/script>\n<!-- \/ Yoast SEO plugin. -->","yoast_head_json":{"title":"BLASTATISTICS | BlasticsGEO Underground","description":"Muestreo automatizado, mapeo directamente digitalizado en terreno adaptado a miner\u00eda subterr\u00e1nea - Pr\u00f3ximamente m\u00e1s detalles.","robots":{"index":"index","follow":"follow","max-snippet":"max-snippet:-1","max-image-preview":"max-image-preview:large","max-video-preview":"max-video-preview:-1"},"canonical":"https:\/\/www.blastatistics.net\/es\/blasticsgeo-underground\/","og_locale":"es_ES","og_type":"article","og_title":"BlasticsGEO Underground","og_description":"Muestreo automatizado, mapeo directamente digitalizado en terreno adaptado a miner\u00eda subterr\u00e1nea - Pr\u00f3ximamente m\u00e1s detalles.","og_url":"https:\/\/www.blastatistics.net\/es\/blasticsgeo-underground\/","og_site_name":"BLASTATISTICS","article_modified_time":"2022-11-03T22:23:46+00:00","og_image":[{"width":1920,"height":982,"url":"https:\/\/www.blastatistics.net\/wp-content\/uploads\/2022\/10\/IMAGEM-NOVA-UNDERGROUND.jpg","type":"image\/jpeg"}],"twitter_card":"summary_large_image","twitter_title":"BlasticsGEO Underground","twitter_description":"Muestreo automatizado, mapeo directamente digitalizado en terreno adaptado a miner\u00eda subterr\u00e1nea - Pr\u00f3ximamente m\u00e1s detalles.","twitter_image":"https:\/\/www.blastatistics.net\/wp-content\/uploads\/2022\/10\/IMAGEM-NOVA-UNDERGROUND.jpg","twitter_site":"@blastatistics","twitter_misc":{"Tiempo de lectura":"3 minutos"},"schema":{"@context":"https:\/\/schema.org","@graph":[{"@type":"WebPage","@id":"https:\/\/www.blastatistics.net\/blasticsgeo-underground\/","url":"https:\/\/www.blastatistics.net\/blasticsgeo-underground\/","name":"BLASTATISTICS | BlasticsGEO Underground","isPartOf":{"@id":"https:\/\/www.blastatistics.net\/#website"},"datePublished":"2022-10-17T03:34:46+00:00","dateModified":"2022-11-03T22:23:46+00:00","description":"Muestreo automatizado, mapeo directamente digitalizado en terreno adaptado a miner\u00eda subterr\u00e1nea - Pr\u00f3ximamente m\u00e1s detalles.","breadcrumb":{"@id":"https:\/\/www.blastatistics.net\/blasticsgeo-underground\/#breadcrumb"},"inLanguage":"es","potentialAction":[{"@type":"ReadAction","target":["https:\/\/www.blastatistics.net\/blasticsgeo-underground\/"]}]},{"@type":"BreadcrumbList","@id":"https:\/\/www.blastatistics.net\/blasticsgeo-underground\/#breadcrumb","itemListElement":[{"@type":"ListItem","position":1,"name":"In\u00edcio","item":"https:\/\/www.blastatistics.net\/"},{"@type":"ListItem","position":2,"name":"BlasticsGEO Underground"}]},{"@type":"WebSite","@id":"https:\/\/www.blastatistics.net\/#website","url":"https:\/\/www.blastatistics.net\/","name":"BLASTATISTICS","description":"Sistema en l\u00ednea de control de calidad de voladuras","publisher":{"@id":"https:\/\/www.blastatistics.net\/#organization"},"potentialAction":[{"@type":"SearchAction","target":{"@type":"EntryPoint","urlTemplate":"https:\/\/www.blastatistics.net\/?s={search_term_string}"},"query-input":"required name=search_term_string"}],"inLanguage":"es"},{"@type":"Organization","@id":"https:\/\/www.blastatistics.net\/#organization","name":"BLASTATISTICS","url":"https:\/\/www.blastatistics.net\/","logo":{"@type":"ImageObject","inLanguage":"es","@id":"https:\/\/www.blastatistics.net\/#\/schema\/logo\/image\/","url":"https:\/\/www.blastatistics.net\/wp-content\/uploads\/2022\/08\/LOGOS-BLASTATISTICS.jpg","contentUrl":"https:\/\/www.blastatistics.net\/wp-content\/uploads\/2022\/08\/LOGOS-BLASTATISTICS.jpg","width":250,"height":65,"caption":"BLASTATISTICS"},"image":{"@id":"https:\/\/www.blastatistics.net\/#\/schema\/logo\/image\/"},"sameAs":["https:\/\/twitter.com\/blastatistics","https:\/\/www.linkedin.com\/showcase\/blastatistics\/","https:\/\/www.youtube.com\/channel\/UCOI4eTgCDTZ4SeHJY3WbaHg"]}]}},"_links":{"self":[{"href":"https:\/\/www.blastatistics.net\/es\/wp-json\/wp\/v2\/pages\/5215","targetHints":{"allow":["GET"]}}],"collection":[{"href":"https:\/\/www.blastatistics.net\/es\/wp-json\/wp\/v2\/pages"}],"about":[{"href":"https:\/\/www.blastatistics.net\/es\/wp-json\/wp\/v2\/types\/page"}],"author":[{"embeddable":true,"href":"https:\/\/www.blastatistics.net\/es\/wp-json\/wp\/v2\/users\/1"}],"replies":[{"embeddable":true,"href":"https:\/\/www.blastatistics.net\/es\/wp-json\/wp\/v2\/comments?post=5215"}],"version-history":[{"count":0,"href":"https:\/\/www.blastatistics.net\/es\/wp-json\/wp\/v2\/pages\/5215\/revisions"}],"wp:featuredmedia":[{"embeddable":true,"href":"https:\/\/www.blastatistics.net\/es\/wp-json\/wp\/v2\/media\/5414"}],"wp:attachment":[{"href":"https:\/\/www.blastatistics.net\/es\/wp-json\/wp\/v2\/media?parent=5215"}],"curies":[{"name":"wp","href":"https:\/\/api.w.org\/{rel}","templated":true}]}}